{"id":68,"date":"2011-11-08T22:49:36","date_gmt":"2011-11-08T20:49:36","guid":{"rendered":"http:\/\/mediataito.fi\/teeitse\/torsti\/?page_id=68"},"modified":"2011-11-08T22:49:36","modified_gmt":"2011-11-08T20:49:36","slug":"siemens","status":"publish","type":"page","link":"http:\/\/www.tkj-automaatio.com\/?page_id=68","title":{"rendered":"Siemens"},"content":{"rendered":"<h2>Siemens S7 logiikkapalvelut<\/h2>\n<ul id=\"list\">\n<li>Sovellussuunnittelu, konfigurointi ja yll\u00e4pito<\/li>\n<li>S7-300, S7-1200 ja LOGO<\/li>\n<li>Operointipaneelit<\/li>\n<li>Profibus DP v\u00e4yl\u00e4diagnostiikka<\/li>\n<\/ul>\n<div>\n<figure id=\"attachment_265\" aria-describedby=\"caption-attachment-265\" style=\"width: 450px\" class=\"wp-caption alignnone\"><img loading=\"lazy\" decoding=\"async\" class=\"size-full wp-image-265\" title=\"Siemens Pressikuva\" src=\"http:\/\/www.tkj-automaatio.com\/wp-content\/uploads\/2011\/11\/Siemens-Pressikuva.png\" alt=\"\" width=\"450\" height=\"325\" srcset=\"http:\/\/www.tkj-automaatio.com\/wp-content\/uploads\/2011\/11\/Siemens-Pressikuva.png 450w, http:\/\/www.tkj-automaatio.com\/wp-content\/uploads\/2011\/11\/Siemens-Pressikuva-300x216.png 300w, http:\/\/www.tkj-automaatio.com\/wp-content\/uploads\/2011\/11\/Siemens-Pressikuva-415x300.png 415w\" sizes=\"(max-width: 450px) 100vw, 450px\" \/><figcaption id=\"caption-attachment-265\" class=\"wp-caption-text\">Siemens press picture<\/figcaption><\/figure>\n<p><span style=\"font-size: small;\"><span class=\"Apple-style-span\" style=\"line-height: 24px;\"><br \/>\n<\/span><\/span><\/div>\n","protected":false},"excerpt":{"rendered":"<p>Siemens S7 logiikkapalvelut Sovellussuunnittelu, konfigurointi ja yll\u00e4pito S7-300, S7-1200 ja LOGO Operointipaneelit Profibus DP v\u00e4yl\u00e4diagnostiikka<\/p>\n","protected":false},"author":2,"featured_media":0,"parent":80,"menu_order":2,"comment_status":"closed","ping_status":"closed","template":"","meta":{"footnotes":""},"_links":{"self":[{"href":"http:\/\/www.tkj-automaatio.com\/index.php?rest_route=\/wp\/v2\/pages\/68"}],"collection":[{"href":"http:\/\/www.tkj-automaatio.com\/index.php?rest_route=\/wp\/v2\/pages"}],"about":[{"href":"http:\/\/www.tkj-automaatio.com\/index.php?rest_route=\/wp\/v2\/types\/page"}],"author":[{"embeddable":true,"href":"http:\/\/www.tkj-automaatio.com\/index.php?rest_route=\/wp\/v2\/users\/2"}],"replies":[{"embeddable":true,"href":"http:\/\/www.tkj-automaatio.com\/index.php?rest_route=%2Fwp%2Fv2%2Fcomments&post=68"}],"version-history":[{"count":0,"href":"http:\/\/www.tkj-automaatio.com\/index.php?rest_route=\/wp\/v2\/pages\/68\/revisions"}],"up":[{"embeddable":true,"href":"http:\/\/www.tkj-automaatio.com\/index.php?rest_route=\/wp\/v2\/pages\/80"}],"wp:attachment":[{"href":"http:\/\/www.tkj-automaatio.com\/index.php?rest_route=%2Fwp%2Fv2%2Fmedia&parent=68"}],"curies":[{"name":"wp","href":"https:\/\/api.w.org\/{rel}","templated":true}]}}