{"id":70,"date":"2011-11-08T22:50:00","date_gmt":"2011-11-08T20:50:00","guid":{"rendered":"http:\/\/mediataito.fi\/teeitse\/torsti\/?page_id=70"},"modified":"2011-11-22T21:51:40","modified_gmt":"2011-11-22T21:51:40","slug":"alma","status":"publish","type":"page","link":"http:\/\/www.tkj-automaatio.com\/?page_id=70","title":{"rendered":"ALMA"},"content":{"rendered":"<h2>ALMA k\u00e4ytt\u00f6\u00f6nottopalvelut<\/h2>\n<ul id=\"list\">\n<li>Tietokannan perustamiseen ja yll\u00e4pitoon liittyv\u00e4t palvelut<\/li>\n<li>Suunnitteluun liittyv\u00e4t palvelut<\/li>\n<\/ul>\n<div>\n<p>&nbsp;<\/p>\n<figure id=\"attachment_302\" aria-describedby=\"caption-attachment-302\" style=\"width: 450px\" class=\"wp-caption alignnone\"><a href=\"http:\/\/www.tkj-automaatio.com\/?attachment_id=302\" rel=\"attachment wp-att-302\"><img loading=\"lazy\" decoding=\"async\" class=\"size-large wp-image-302\" title=\"ALMA sovellusalueet\" src=\"http:\/\/www.tkj-automaatio.com\/wp-content\/uploads\/2011\/11\/ALMA-sovellusalueet4-450x255.png\" alt=\"\" width=\"450\" height=\"255\" srcset=\"http:\/\/www.tkj-automaatio.com\/wp-content\/uploads\/2011\/11\/ALMA-sovellusalueet4-450x255.png 450w, http:\/\/www.tkj-automaatio.com\/wp-content\/uploads\/2011\/11\/ALMA-sovellusalueet4-300x170.png 300w, http:\/\/www.tkj-automaatio.com\/wp-content\/uploads\/2011\/11\/ALMA-sovellusalueet4.png 640w\" sizes=\"(max-width: 450px) 100vw, 450px\" \/><\/a><figcaption id=\"caption-attachment-302\" class=\"wp-caption-text\">Copyright ALMA Consulting<\/figcaption><\/figure>\n<p><span style=\"font-size: small;\"><span class=\"Apple-style-span\" style=\"line-height: 24px;\"><br \/>\n<\/span><\/span><\/p>\n<\/div>\n","protected":false},"excerpt":{"rendered":"<p>ALMA k\u00e4ytt\u00f6\u00f6nottopalvelut Tietokannan perustamiseen ja yll\u00e4pitoon liittyv\u00e4t palvelut Suunnitteluun liittyv\u00e4t palvelut &nbsp;<\/p>\n","protected":false},"author":2,"featured_media":0,"parent":80,"menu_order":3,"comment_status":"closed","ping_status":"closed","template":"","meta":{"footnotes":""},"_links":{"self":[{"href":"http:\/\/www.tkj-automaatio.com\/index.php?rest_route=\/wp\/v2\/pages\/70"}],"collection":[{"href":"http:\/\/www.tkj-automaatio.com\/index.php?rest_route=\/wp\/v2\/pages"}],"about":[{"href":"http:\/\/www.tkj-automaatio.com\/index.php?rest_route=\/wp\/v2\/types\/page"}],"author":[{"embeddable":true,"href":"http:\/\/www.tkj-automaatio.com\/index.php?rest_route=\/wp\/v2\/users\/2"}],"replies":[{"embeddable":true,"href":"http:\/\/www.tkj-automaatio.com\/index.php?rest_route=%2Fwp%2Fv2%2Fcomments&post=70"}],"version-history":[{"count":3,"href":"http:\/\/www.tkj-automaatio.com\/index.php?rest_route=\/wp\/v2\/pages\/70\/revisions"}],"predecessor-version":[{"id":304,"href":"http:\/\/www.tkj-automaatio.com\/index.php?rest_route=\/wp\/v2\/pages\/70\/revisions\/304"}],"up":[{"embeddable":true,"href":"http:\/\/www.tkj-automaatio.com\/index.php?rest_route=\/wp\/v2\/pages\/80"}],"wp:attachment":[{"href":"http:\/\/www.tkj-automaatio.com\/index.php?rest_route=%2Fwp%2Fv2%2Fmedia&parent=70"}],"curies":[{"name":"wp","href":"https:\/\/api.w.org\/{rel}","templated":true}]}}