{"id":74,"date":"2011-11-08T22:51:14","date_gmt":"2011-11-08T20:51:14","guid":{"rendered":"http:\/\/mediataito.fi\/teeitse\/torsti\/?page_id=74"},"modified":"2011-11-23T00:03:52","modified_gmt":"2011-11-22T22:03:52","slug":"profibus","status":"publish","type":"page","link":"http:\/\/www.tkj-automaatio.com\/?page_id=74","title":{"rendered":"Profibus"},"content":{"rendered":"<h2>Profibus kentt\u00e4v\u00e4yl\u00e4palvelut<\/h2>\n<ul id=\"list\">\n<li>Suunnittelu ja konfigurointi<\/li>\n<li>Diagnostiikka, vianselvitys, v\u00e4yl\u00e4kartoitus ja raportointi<\/li>\n<li>Koulutus<\/li>\n<\/ul>\n<div>\n<p>&nbsp;<\/p>\n<figure id=\"attachment_312\" aria-describedby=\"caption-attachment-312\" style=\"width: 450px\" class=\"wp-caption alignnone\"><a href=\"http:\/\/www.tkj-automaatio.com\/?attachment_id=312\" rel=\"attachment wp-att-312\"><img loading=\"lazy\" decoding=\"async\" class=\"size-large wp-image-312\" title=\"profibus\" src=\"http:\/\/www.tkj-automaatio.com\/wp-content\/uploads\/2011\/11\/profibus1-450x282.png\" alt=\"\" width=\"450\" height=\"282\" srcset=\"http:\/\/www.tkj-automaatio.com\/wp-content\/uploads\/2011\/11\/profibus1-450x282.png 450w, http:\/\/www.tkj-automaatio.com\/wp-content\/uploads\/2011\/11\/profibus1-300x188.png 300w, http:\/\/www.tkj-automaatio.com\/wp-content\/uploads\/2011\/11\/profibus1.png 493w\" sizes=\"(max-width: 450px) 100vw, 450px\" \/><\/a><figcaption id=\"caption-attachment-312\" class=\"wp-caption-text\">Copyright PI - PROFIBUS &amp; PROFINET International<\/figcaption><\/figure>\n<p><span style=\"font-size: small;\"><span class=\"Apple-style-span\" style=\"line-height: 24px;\"><br \/>\n<\/span><\/span><\/p>\n<\/div>\n","protected":false},"excerpt":{"rendered":"<p>Profibus kentt\u00e4v\u00e4yl\u00e4palvelut Suunnittelu ja konfigurointi Diagnostiikka, vianselvitys, v\u00e4yl\u00e4kartoitus ja raportointi Koulutus &nbsp;<\/p>\n","protected":false},"author":2,"featured_media":0,"parent":80,"menu_order":5,"comment_status":"closed","ping_status":"closed","template":"","meta":{"footnotes":""},"_links":{"self":[{"href":"http:\/\/www.tkj-automaatio.com\/index.php?rest_route=\/wp\/v2\/pages\/74"}],"collection":[{"href":"http:\/\/www.tkj-automaatio.com\/index.php?rest_route=\/wp\/v2\/pages"}],"about":[{"href":"http:\/\/www.tkj-automaatio.com\/index.php?rest_route=\/wp\/v2\/types\/page"}],"author":[{"embeddable":true,"href":"http:\/\/www.tkj-automaatio.com\/index.php?rest_route=\/wp\/v2\/users\/2"}],"replies":[{"embeddable":true,"href":"http:\/\/www.tkj-automaatio.com\/index.php?rest_route=%2Fwp%2Fv2%2Fcomments&post=74"}],"version-history":[{"count":2,"href":"http:\/\/www.tkj-automaatio.com\/index.php?rest_route=\/wp\/v2\/pages\/74\/revisions"}],"predecessor-version":[{"id":314,"href":"http:\/\/www.tkj-automaatio.com\/index.php?rest_route=\/wp\/v2\/pages\/74\/revisions\/314"}],"up":[{"embeddable":true,"href":"http:\/\/www.tkj-automaatio.com\/index.php?rest_route=\/wp\/v2\/pages\/80"}],"wp:attachment":[{"href":"http:\/\/www.tkj-automaatio.com\/index.php?rest_route=%2Fwp%2Fv2%2Fmedia&parent=74"}],"curies":[{"name":"wp","href":"https:\/\/api.w.org\/{rel}","templated":true}]}}