{"id":64,"date":"2021-02-19T10:42:32","date_gmt":"2021-02-19T08:42:32","guid":{"rendered":"http:\/\/mediataito.fi\/teeitse\/torsti\/?page_id=64"},"modified":"2021-02-19T10:42:32","modified_gmt":"2021-02-19T08:42:32","slug":"metsodna","status":"publish","type":"page","link":"https:\/\/www.tkj-automaatio.com\/?page_id=64","title":{"rendered":"ValmetDNA"},"content":{"rendered":"<h2>Sovellussuunnittelu, yll\u00e4pito ja konsultointi<\/h2>\n<ul id=\"list\">\n<li>peruspiirit, s\u00e4\u00e4t\u00f6piirit ja moottoripiirit<\/li>\n<li>sekvenssit<\/li>\n<li>reseptit<\/li>\n<li>n\u00e4yt\u00f6t<\/li>\n<li>info<\/li>\n<li>toimintakuvaukset<\/li>\n<li>opastusta<\/li>\n<li>j\u00e4rjestelm\u00e4n p\u00e4ivityksiin ja muutoksiin liittyv\u00e4 tekninen konsultointi<\/li>\n<li>toiminta asiakkaan ja kunnossapitoyritysten rajapinnassa, sek\u00e4 asiakkaan ja j\u00e4rjestelm\u00e4toimittajien rajapinnassa<\/li>\n<\/ul>\n<div>\n<figure id=\"attachment_268\" aria-describedby=\"caption-attachment-268\" style=\"width: 450px\" class=\"wp-caption alignnone\"><img loading=\"lazy\" decoding=\"async\" class=\"size-full wp-image-268\" title=\"metsoDNA_valvomo\" src=\"http:\/\/www.tkj-automaatio.com\/wp-content\/uploads\/2011\/11\/metsoDNA_valvomo1.png\" alt=\"\" width=\"450\" height=\"299\" srcset=\"https:\/\/www.tkj-automaatio.com\/wp-content\/uploads\/2011\/11\/metsoDNA_valvomo1.png 450w, https:\/\/www.tkj-automaatio.com\/wp-content\/uploads\/2011\/11\/metsoDNA_valvomo1-300x199.png 300w\" sizes=\"(max-width: 450px) 100vw, 450px\" \/><figcaption id=\"caption-attachment-268\" class=\"wp-caption-text\">Metso press picture<\/figcaption><\/figure>\n<p><span style=\"font-size: small;\"><span class=\"Apple-style-span\" style=\"line-height: 24px;\"><br \/>\n<\/span><\/span><\/p>\n<\/div>\n","protected":false},"excerpt":{"rendered":"<p>Sovellussuunnittelu, yll\u00e4pito ja konsultointi peruspiirit, s\u00e4\u00e4t\u00f6piirit ja moottoripiirit sekvenssit reseptit n\u00e4yt\u00f6t info toimintakuvaukset opastusta j\u00e4rjestelm\u00e4n p\u00e4ivityksiin ja muutoksiin liittyv\u00e4 tekninen konsultointi toiminta asiakkaan ja kunnossapitoyritysten rajapinnassa, sek\u00e4 asiakkaan ja j\u00e4rjestelm\u00e4toimittajien rajapinnassa<\/p>\n","protected":false},"author":2,"featured_media":0,"parent":80,"menu_order":1,"comment_status":"closed","ping_status":"closed","template":"","meta":{"footnotes":""},"_links":{"self":[{"href":"https:\/\/www.tkj-automaatio.com\/index.php?rest_route=\/wp\/v2\/pages\/64"}],"collection":[{"href":"https:\/\/www.tkj-automaatio.com\/index.php?rest_route=\/wp\/v2\/pages"}],"about":[{"href":"https:\/\/www.tkj-automaatio.com\/index.php?rest_route=\/wp\/v2\/types\/page"}],"author":[{"embeddable":true,"href":"https:\/\/www.tkj-automaatio.com\/index.php?rest_route=\/wp\/v2\/users\/2"}],"replies":[{"embeddable":true,"href":"https:\/\/www.tkj-automaatio.com\/index.php?rest_route=%2Fwp%2Fv2%2Fcomments&post=64"}],"version-history":[{"count":3,"href":"https:\/\/www.tkj-automaatio.com\/index.php?rest_route=\/wp\/v2\/pages\/64\/revisions"}],"predecessor-version":[{"id":375,"href":"https:\/\/www.tkj-automaatio.com\/index.php?rest_route=\/wp\/v2\/pages\/64\/revisions\/375"}],"up":[{"embeddable":true,"href":"https:\/\/www.tkj-automaatio.com\/index.php?rest_route=\/wp\/v2\/pages\/80"}],"wp:attachment":[{"href":"https:\/\/www.tkj-automaatio.com\/index.php?rest_route=%2Fwp%2Fv2%2Fmedia&parent=64"}],"curies":[{"name":"wp","href":"https:\/\/api.w.org\/{rel}","templated":true}]}}