{"id":72,"date":"2011-11-08T22:50:43","date_gmt":"2011-11-08T20:50:43","guid":{"rendered":"http:\/\/mediataito.fi\/teeitse\/torsti\/?page_id=72"},"modified":"2011-11-23T00:29:38","modified_gmt":"2011-11-22T22:29:38","slug":"wonderware-intouch","status":"publish","type":"page","link":"https:\/\/www.tkj-automaatio.com\/?page_id=72","title":{"rendered":"Wonderware InTouch"},"content":{"rendered":"<h2>Wonderware InTouch valvomopalvelut<\/h2>\n<ul id=\"list\">\n<li>N\u00e4ytt\u00f6jen suunnittelu ja yll\u00e4pito<\/li>\n<li>Liitynn\u00e4t eri j\u00e4rjestelmiin<\/li>\n<\/ul>\n<p><span style=\"font-size: small;\"><span class=\"Apple-style-span\" style=\"line-height: 24px;\"><br \/>\n<\/span><\/span><\/p>\n<div>\n<figure id=\"attachment_270\" aria-describedby=\"caption-attachment-270\" style=\"width: 325px\" class=\"wp-caption alignnone\"><img loading=\"lazy\" decoding=\"async\" class=\"size-full wp-image-270\" title=\"intouch_main\" src=\"http:\/\/www.tkj-automaatio.com\/wp-content\/uploads\/2011\/11\/intouch_main.jpg\" alt=\"\" width=\"325\" height=\"321\" srcset=\"https:\/\/www.tkj-automaatio.com\/wp-content\/uploads\/2011\/11\/intouch_main.jpg 325w, https:\/\/www.tkj-automaatio.com\/wp-content\/uploads\/2011\/11\/intouch_main-300x296.jpg 300w, https:\/\/www.tkj-automaatio.com\/wp-content\/uploads\/2011\/11\/intouch_main-303x300.jpg 303w\" sizes=\"(max-width: 325px) 100vw, 325px\" \/><figcaption id=\"caption-attachment-270\" class=\"wp-caption-text\">Copyright Wonderware<\/figcaption><\/figure>\n<p><span style=\"font-size: small;\"><span class=\"Apple-style-span\" style=\"line-height: 24px;\"><br \/>\n<\/span><\/span><\/p>\n<\/div>\n","protected":false},"excerpt":{"rendered":"<p>Wonderware InTouch valvomopalvelut N\u00e4ytt\u00f6jen suunnittelu ja yll\u00e4pito Liitynn\u00e4t eri j\u00e4rjestelmiin<\/p>\n","protected":false},"author":2,"featured_media":0,"parent":80,"menu_order":4,"comment_status":"closed","ping_status":"closed","template":"","meta":{"footnotes":""},"_links":{"self":[{"href":"https:\/\/www.tkj-automaatio.com\/index.php?rest_route=\/wp\/v2\/pages\/72"}],"collection":[{"href":"https:\/\/www.tkj-automaatio.com\/index.php?rest_route=\/wp\/v2\/pages"}],"about":[{"href":"https:\/\/www.tkj-automaatio.com\/index.php?rest_route=\/wp\/v2\/types\/page"}],"author":[{"embeddable":true,"href":"https:\/\/www.tkj-automaatio.com\/index.php?rest_route=\/wp\/v2\/users\/2"}],"replies":[{"embeddable":true,"href":"https:\/\/www.tkj-automaatio.com\/index.php?rest_route=%2Fwp%2Fv2%2Fcomments&post=72"}],"version-history":[{"count":1,"href":"https:\/\/www.tkj-automaatio.com\/index.php?rest_route=\/wp\/v2\/pages\/72\/revisions"}],"predecessor-version":[{"id":324,"href":"https:\/\/www.tkj-automaatio.com\/index.php?rest_route=\/wp\/v2\/pages\/72\/revisions\/324"}],"up":[{"embeddable":true,"href":"https:\/\/www.tkj-automaatio.com\/index.php?rest_route=\/wp\/v2\/pages\/80"}],"wp:attachment":[{"href":"https:\/\/www.tkj-automaatio.com\/index.php?rest_route=%2Fwp%2Fv2%2Fmedia&parent=72"}],"curies":[{"name":"wp","href":"https:\/\/api.w.org\/{rel}","templated":true}]}}